{"id":121,"date":"2023-09-13T12:03:29","date_gmt":"2023-09-13T12:03:29","guid":{"rendered":"http:\/\/panaromasuitesbyklk.com\/?page_id=121"},"modified":"2023-09-13T12:08:14","modified_gmt":"2023-09-13T12:08:14","slug":"121-2","status":"publish","type":"page","link":"https:\/\/panaromasuitesbyklk.com\/","title":{"rendered":"Site Y\u00f6netimi"},"content":{"rendered":"<div class=\"wp-block-image\">\n<figure class=\"aligncenter\"><img loading=\"lazy\" decoding=\"async\" width=\"240\" height=\"90\" src=\"http:\/\/panaromasuitesbyklk.com\/wp-content\/uploads\/2022\/05\/panaroma.png\" alt=\"\" class=\"wp-image-11\"\/><\/figure>\n<\/div>\n\n\n<p class=\"has-text-align-center\">0 850 259 03 01<\/p>\n\n\n\n<p class=\"has-text-align-center\"><a href=\"mailto:info@panaromasuitesbyklk.com\">info@panaromasuitesbyklk.com<\/a><\/p>\n\n\n\n<p class=\"has-text-align-center\">Zekeriyak\u00f6y Mahallesi Kasap \u00c7ay\u0131r\u0131 Mevkii Yediveren Sokak No:7 Sar\u0131yer \u0130stanbul<\/p>\n","protected":false},"excerpt":{"rendered":"<p>0 850 259 03 01 info@panaromasuitesbyklk.com Zekeriyak\u00f6y Mahallesi Kasap \u00c7ay\u0131r\u0131 Mevkii Yediveren Sokak No:7 Sar\u0131yer \u0130stanbul<\/p>\n","protected":false},"author":1,"featured_media":0,"parent":0,"menu_order":0,"comment_status":"closed","ping_status":"closed","template":"","meta":{"footnotes":""},"class_list":["post-121","page","type-page","status-publish","hentry"],"_links":{"self":[{"href":"https:\/\/panaromasuitesbyklk.com\/index.php?rest_route=\/wp\/v2\/pages\/121","targetHints":{"allow":["GET"]}}],"collection":[{"href":"https:\/\/panaromasuitesbyklk.com\/index.php?rest_route=\/wp\/v2\/pages"}],"about":[{"href":"https:\/\/panaromasuitesbyklk.com\/index.php?rest_route=\/wp\/v2\/types\/page"}],"author":[{"embeddable":true,"href":"https:\/\/panaromasuitesbyklk.com\/index.php?rest_route=\/wp\/v2\/users\/1"}],"replies":[{"embeddable":true,"href":"https:\/\/panaromasuitesbyklk.com\/index.php?rest_route=%2Fwp%2Fv2%2Fcomments&post=121"}],"version-history":[{"count":4,"href":"https:\/\/panaromasuitesbyklk.com\/index.php?rest_route=\/wp\/v2\/pages\/121\/revisions"}],"predecessor-version":[{"id":127,"href":"https:\/\/panaromasuitesbyklk.com\/index.php?rest_route=\/wp\/v2\/pages\/121\/revisions\/127"}],"wp:attachment":[{"href":"https:\/\/panaromasuitesbyklk.com\/index.php?rest_route=%2Fwp%2Fv2%2Fmedia&parent=121"}],"curies":[{"name":"wp","href":"https:\/\/api.w.org\/{rel}","templated":true}]}}